{"id":258,"date":"2023-03-20T18:51:03","date_gmt":"2023-03-20T17:51:03","guid":{"rendered":"https:\/\/www.pommernkogge-ucra.de\/pommernkogge\/?page_id=258"},"modified":"2026-05-08T12:03:32","modified_gmt":"2026-05-08T10:03:32","slug":"toerns-co","status":"publish","type":"page","link":"https:\/\/www.pommernkogge-ucra.de\/?page_id=258","title":{"rendered":"T\u00f6rns &#038; Co."},"content":{"rendered":"<!-- wp:themify-builder\/canvas \/-->","protected":false},"excerpt":{"rendered":"","protected":false},"author":1,"featured_media":0,"parent":0,"menu_order":0,"comment_status":"closed","ping_status":"closed","template":"","meta":{"footnotes":""},"class_list":["post-258","page","type-page","status-publish","hentry","has-post-title","has-post-date","has-post-category","has-post-tag","has-post-comment","has-post-author",""],"yoast_head":"<!-- This site is optimized with the Yoast SEO plugin v27.5 - https:\/\/yoast.com\/product\/yoast-seo-wordpress\/ -->\n<title>T\u00f6rns &amp; Co. - Pommernkogge Ucra<\/title>\n<meta name=\"robots\" content=\"index, follow, max-snippet:-1, max-image-preview:large, max-video-preview:-1\" \/>\n<link rel=\"canonical\" href=\"https:\/\/www.pommernkogge-ucra.de\/?page_id=258\" \/>\n<meta property=\"og:locale\" content=\"de_DE\" \/>\n<meta property=\"og:type\" content=\"article\" \/>\n<meta property=\"og:title\" content=\"T\u00f6rns &amp; Co. - Pommernkogge Ucra\" \/>\n<meta property=\"og:url\" content=\"https:\/\/www.pommernkogge-ucra.de\/?page_id=258\" \/>\n<meta property=\"og:site_name\" content=\"Pommernkogge Ucra\" \/>\n<meta property=\"article:modified_time\" content=\"2026-05-08T10:03:32+00:00\" \/>\n<meta property=\"og:image\" content=\"https:\/\/www.pommernkogge-ucra.de\/wp-content\/uploads\/2023\/03\/white-cliffs-209324.jpg\" \/>\n<meta name=\"twitter:card\" content=\"summary_large_image\" \/>\n<meta name=\"twitter:label1\" content=\"Gesch\u00e4tzte Lesezeit\" \/>\n\t<meta name=\"twitter:data1\" content=\"9\u00a0Minuten\" \/>\n<script type=\"application\/ld+json\" class=\"yoast-schema-graph\">{\"@context\":\"https:\\\/\\\/schema.org\",\"@graph\":[{\"@type\":\"WebPage\",\"@id\":\"https:\\\/\\\/www.pommernkogge-ucra.de\\\/?page_id=258\",\"url\":\"https:\\\/\\\/www.pommernkogge-ucra.de\\\/?page_id=258\",\"name\":\"T\u00f6rns & Co. - Pommernkogge Ucra\",\"isPartOf\":{\"@id\":\"https:\\\/\\\/www.pommernkogge-ucra.de\\\/#website\"},\"primaryImageOfPage\":{\"@id\":\"https:\\\/\\\/www.pommernkogge-ucra.de\\\/?page_id=258#primaryimage\"},\"image\":{\"@id\":\"https:\\\/\\\/www.pommernkogge-ucra.de\\\/?page_id=258#primaryimage\"},\"thumbnailUrl\":\"https:\\\/\\\/www.pommernkogge-ucra.de\\\/wp-content\\\/uploads\\\/2023\\\/03\\\/white-cliffs-209324.jpg\",\"datePublished\":\"2023-03-20T17:51:03+00:00\",\"dateModified\":\"2026-05-08T10:03:32+00:00\",\"breadcrumb\":{\"@id\":\"https:\\\/\\\/www.pommernkogge-ucra.de\\\/?page_id=258#breadcrumb\"},\"inLanguage\":\"de\",\"potentialAction\":[{\"@type\":\"ReadAction\",\"target\":[\"https:\\\/\\\/www.pommernkogge-ucra.de\\\/?page_id=258\"]}]},{\"@type\":\"ImageObject\",\"inLanguage\":\"de\",\"@id\":\"https:\\\/\\\/www.pommernkogge-ucra.de\\\/?page_id=258#primaryimage\",\"url\":\"https:\\\/\\\/www.pommernkogge-ucra.de\\\/wp-content\\\/uploads\\\/2023\\\/03\\\/white-cliffs-209324.jpg\",\"contentUrl\":\"https:\\\/\\\/www.pommernkogge-ucra.de\\\/wp-content\\\/uploads\\\/2023\\\/03\\\/white-cliffs-209324.jpg\",\"width\":907,\"height\":644},{\"@type\":\"BreadcrumbList\",\"@id\":\"https:\\\/\\\/www.pommernkogge-ucra.de\\\/?page_id=258#breadcrumb\",\"itemListElement\":[{\"@type\":\"ListItem\",\"position\":1,\"name\":\"Startseite\",\"item\":\"https:\\\/\\\/www.pommernkogge-ucra.de\\\/\"},{\"@type\":\"ListItem\",\"position\":2,\"name\":\"T\u00f6rns &#038; Co.\"}]},{\"@type\":\"WebSite\",\"@id\":\"https:\\\/\\\/www.pommernkogge-ucra.de\\\/#website\",\"url\":\"https:\\\/\\\/www.pommernkogge-ucra.de\\\/\",\"name\":\"Pommernkogge Ucra\",\"description\":\"\",\"publisher\":{\"@id\":\"https:\\\/\\\/www.pommernkogge-ucra.de\\\/#organization\"},\"potentialAction\":[{\"@type\":\"SearchAction\",\"target\":{\"@type\":\"EntryPoint\",\"urlTemplate\":\"https:\\\/\\\/www.pommernkogge-ucra.de\\\/?s={search_term_string}\"},\"query-input\":{\"@type\":\"PropertyValueSpecification\",\"valueRequired\":true,\"valueName\":\"search_term_string\"}}],\"inLanguage\":\"de\"},{\"@type\":\"Organization\",\"@id\":\"https:\\\/\\\/www.pommernkogge-ucra.de\\\/#organization\",\"name\":\"Pommernkogge Ucra\",\"url\":\"https:\\\/\\\/www.pommernkogge-ucra.de\\\/\",\"logo\":{\"@type\":\"ImageObject\",\"inLanguage\":\"de\",\"@id\":\"https:\\\/\\\/www.pommernkogge-ucra.de\\\/#\\\/schema\\\/logo\\\/image\\\/\",\"url\":\"https:\\\/\\\/www.pommernkogge-ucra.de\\\/wp-content\\\/uploads\\\/2023\\\/03\\\/Kogge-Fleecejacken-brust-rund2_web.png\",\"contentUrl\":\"https:\\\/\\\/www.pommernkogge-ucra.de\\\/wp-content\\\/uploads\\\/2023\\\/03\\\/Kogge-Fleecejacken-brust-rund2_web.png\",\"width\":500,\"height\":498,\"caption\":\"Pommernkogge Ucra\"},\"image\":{\"@id\":\"https:\\\/\\\/www.pommernkogge-ucra.de\\\/#\\\/schema\\\/logo\\\/image\\\/\"},\"sameAs\":[\"https:\\\/\\\/www.instagram.com\\\/ucradiepommernkogge\\\/\"]}]}<\/script>\n<!-- \/ Yoast SEO plugin. -->","yoast_head_json":{"title":"T\u00f6rns & Co. - Pommernkogge Ucra","robots":{"index":"index","follow":"follow","max-snippet":"max-snippet:-1","max-image-preview":"max-image-preview:large","max-video-preview":"max-video-preview:-1"},"canonical":"https:\/\/www.pommernkogge-ucra.de\/?page_id=258","og_locale":"de_DE","og_type":"article","og_title":"T\u00f6rns & Co. - Pommernkogge Ucra","og_url":"https:\/\/www.pommernkogge-ucra.de\/?page_id=258","og_site_name":"Pommernkogge Ucra","article_modified_time":"2026-05-08T10:03:32+00:00","og_image":[{"url":"https:\/\/www.pommernkogge-ucra.de\/wp-content\/uploads\/2023\/03\/white-cliffs-209324.jpg","type":"","width":"","height":""}],"twitter_card":"summary_large_image","twitter_misc":{"Gesch\u00e4tzte Lesezeit":"9\u00a0Minuten"},"schema":{"@context":"https:\/\/schema.org","@graph":[{"@type":"WebPage","@id":"https:\/\/www.pommernkogge-ucra.de\/?page_id=258","url":"https:\/\/www.pommernkogge-ucra.de\/?page_id=258","name":"T\u00f6rns & Co. - Pommernkogge Ucra","isPartOf":{"@id":"https:\/\/www.pommernkogge-ucra.de\/#website"},"primaryImageOfPage":{"@id":"https:\/\/www.pommernkogge-ucra.de\/?page_id=258#primaryimage"},"image":{"@id":"https:\/\/www.pommernkogge-ucra.de\/?page_id=258#primaryimage"},"thumbnailUrl":"https:\/\/www.pommernkogge-ucra.de\/wp-content\/uploads\/2023\/03\/white-cliffs-209324.jpg","datePublished":"2023-03-20T17:51:03+00:00","dateModified":"2026-05-08T10:03:32+00:00","breadcrumb":{"@id":"https:\/\/www.pommernkogge-ucra.de\/?page_id=258#breadcrumb"},"inLanguage":"de","potentialAction":[{"@type":"ReadAction","target":["https:\/\/www.pommernkogge-ucra.de\/?page_id=258"]}]},{"@type":"ImageObject","inLanguage":"de","@id":"https:\/\/www.pommernkogge-ucra.de\/?page_id=258#primaryimage","url":"https:\/\/www.pommernkogge-ucra.de\/wp-content\/uploads\/2023\/03\/white-cliffs-209324.jpg","contentUrl":"https:\/\/www.pommernkogge-ucra.de\/wp-content\/uploads\/2023\/03\/white-cliffs-209324.jpg","width":907,"height":644},{"@type":"BreadcrumbList","@id":"https:\/\/www.pommernkogge-ucra.de\/?page_id=258#breadcrumb","itemListElement":[{"@type":"ListItem","position":1,"name":"Startseite","item":"https:\/\/www.pommernkogge-ucra.de\/"},{"@type":"ListItem","position":2,"name":"T\u00f6rns &#038; Co."}]},{"@type":"WebSite","@id":"https:\/\/www.pommernkogge-ucra.de\/#website","url":"https:\/\/www.pommernkogge-ucra.de\/","name":"Pommernkogge Ucra","description":"","publisher":{"@id":"https:\/\/www.pommernkogge-ucra.de\/#organization"},"potentialAction":[{"@type":"SearchAction","target":{"@type":"EntryPoint","urlTemplate":"https:\/\/www.pommernkogge-ucra.de\/?s={search_term_string}"},"query-input":{"@type":"PropertyValueSpecification","valueRequired":true,"valueName":"search_term_string"}}],"inLanguage":"de"},{"@type":"Organization","@id":"https:\/\/www.pommernkogge-ucra.de\/#organization","name":"Pommernkogge Ucra","url":"https:\/\/www.pommernkogge-ucra.de\/","logo":{"@type":"ImageObject","inLanguage":"de","@id":"https:\/\/www.pommernkogge-ucra.de\/#\/schema\/logo\/image\/","url":"https:\/\/www.pommernkogge-ucra.de\/wp-content\/uploads\/2023\/03\/Kogge-Fleecejacken-brust-rund2_web.png","contentUrl":"https:\/\/www.pommernkogge-ucra.de\/wp-content\/uploads\/2023\/03\/Kogge-Fleecejacken-brust-rund2_web.png","width":500,"height":498,"caption":"Pommernkogge Ucra"},"image":{"@id":"https:\/\/www.pommernkogge-ucra.de\/#\/schema\/logo\/image\/"},"sameAs":["https:\/\/www.instagram.com\/ucradiepommernkogge\/"]}]}},"builder_content":"\n<h2>Ausfahrten 2026<br\/><h4>Fahren Sie mit<\/h2>\n<p style=\"text-align: center;\">Von Mai bis September bieten wir regelm\u00e4\u00dfig Ausfahrten auf das Stettiner Haff an. Weitere Ausfahrten auf Anfrage.\u00a0<br><br><\/p>\n<h5 style=\"text-align: left;\">\u00a0<\/h5> <h5 style=\"text-align: left;\">Sie k\u00f6nnen die Fahrten<\/h5> <h5 style=\"text-align: left;\">1. direkt beim Verein buchen \u00fcber:<\/h5>\n<svg> <circle r=\"calc(50% - 1.50px)\" cx=\"50%\" cy=\"50%\" stroke-width=\"3\"\/> <circle r=\"calc(50% - 1.50px)\" cx=\"50%\" cy=\"50%\" stroke=\"#de5d5d\" stroke-width=\"3\" data-progress=\"100\" stroke-dasharray=\"0,10000\"\/> <\/svg> <em><svg xmlns:xlink=\"http:\/\/www.w3.org\/1999\/xlink\" aria-hidden=\"true\"><use href=\"#tf-fas-phone-alt\" xlink:href=\"#tf-fas-phone-alt\"><\/use><\/svg><\/em> \n <h2> Kontakt <\/h2> <p>Mobil: 0172 3944419<br>E-Mail: info@pommernkogge-ucra.de<\/p> <p><strong>Buchungszeiten:<\/strong><br>Montag: 09:30 - 13:00 Uhr<br>Dienstag: 15:00 - 1800 Uhr<br>Mittwoch bis Freitag: 09:30 - 13:00 Uhr<\/p>\n<h5 style=\"text-align: left;\">oder<\/h5> <h5 style=\"text-align: left;\">2. online \u00fcber das<br><a style=\"font-size: 16px;\" href=\"https:\/\/localtour.de\/destinations\/pommernkogge-ucra-ueckermuende\/\">Buchungstool von Local Tour<\/a><\/h5>\n<p id=\"CHECKFRONT_LOADER\" style=\"background: url('\/\/localtour.checkfront.com\/images\/loader.gif') left center no-repeat; padding: 5px 5px 5px 20px\">Searching Availability...<\/p>\n<noscript><a href=\"https:\/\/localtour.checkfront.com\/reserve\/\" style=\"font-size: 16px\">Continue to Secure Booking System &raquo;<\/a><\/noscript>\n<h3><h2>Alle Termine 2026 im Monats\u00fcberblick<\/h3><ul><li><h4>Mai 2026<\/h4><p>01.05.2026 - Freitag - 17.00-20.00\u00a0<\/p> <p>02.05.2026 - Samstag - 15.00-18.00\u00a0<\/p> <p>06.05.2026 - Mittwoch - 17.00-20.00<\/p> <p>08.05.2026 - Freitag - 17.00-20.00<\/p> <p>09.05.2026 - Samstag - 17.00-20.00<\/p> <p>13.05.2026 - Mittwoch - 17.00-20.00<\/p> <p>15.05.2026 - Freitag - 17.00-20.00\u00a0<\/p> <p>16.05.2026 - Samstag - 14.00-17.00<\/p> <p>20.05.2026 - Mittwoch - 15.00-18.00<\/p> <p>22.05.2026 - Freitag - 17.00-20.00\u00a0<\/p> <p>23.05.2026 - Samstag - <strong>12.00-15.00<\/strong> <strong>(ausgebucht)<\/strong> &amp; 16.00-19.00\u00a0<\/p> <p>27.05.2026 - Mittwoch - 17.00-20.00<\/p> <p>28.05.2026 - Donnerstag - <strong>09.00-12.00<\/strong> <strong>(ausgebucht)<\/strong><\/p> <p>29.05.2026 - Freitag - 18.00-21.00<\/p> <p>30.05.2026 - Samstag - 14.00 - 17.00<\/p><\/li><li><h4>Juni 2026<\/h4><p>03.06.2026 - Mittwoch - 18.00-21.00<\/p> <p>05.06.2026 - Freitag - <strong>18.00-21.00<\/strong> <strong>(ausgebucht)<\/strong><\/p> <p>06.06.2026 - Samstag - <strong>14.00-17.00<\/strong> <strong>(ausgebucht)<\/strong>\u00a0\u00a0&amp;\u00a018.00-21.00<\/p> <p>10.06.2026 - Mittwoch - <strong>14.00-17.00<\/strong> <strong>(ausgebucht)<\/strong><\/p> <p>12.06.2026 - Freitag - 15.00-18.00\u00a0(geschl. Gesellschaft)<\/p> <p>13.06.2026 - Samstag - <strong>14.00-17.00<\/strong> <strong>(ausgebucht)<\/strong>\u00a0&amp; 18.00-21.00<\/p> <p>17.06.2026 - Mittwoch - 18.00-21.00<\/p> <p>19.06.2026 - Freitag - <strong>18.00-21.00<\/strong> <strong>(ausgebucht)<\/strong><\/p> <p>20.06.2026 - Samstag - 14.00-17.00\u00a0&amp; 18.00-21.00\u00a0<\/p> <p>24.06.2026 - Mittwoch - \u00a0<strong>18.00-21.00<\/strong> <strong>(ausgebucht)<\/strong><\/p> <p>25.06.2026 - Donnerstag - <strong>10.00-13.00<\/strong> <strong>(ausgebucht, Projekttag Schule)<\/strong><\/p> <p>26.06.2026 - Freitag - 18.00-21.00<\/p> <p>27.06.2026 - Samstag - 14.00-17.00 &amp; 18.00-21.00<\/p><\/li><li><h4>Juli 2026<\/h4><p>01.07.2026 - Mittwoch - 18.00-21.00<\/p> <p>02.07.2026 - Donnerstag - <strong>10.00-13.00<\/strong> <strong>(ausgebucht)<\/strong><\/p> <p>03.07.2026 - Freitag - 18.00-21.00<\/p> <p>04.07.2026 - Samstag - 14.00-17.00 &amp; <strong>18.00-21.00<\/strong> <strong>(ausgebucht)<\/strong><\/p> <p>08.07.2026 - Mittwoch - <strong>14.00-17.00<\/strong> <strong>(ausgebucht)<\/strong><\/p> <p>09.07.2026 - Donnerstag -<strong> 10.00-13.00<\/strong> <strong>(ausgebucht)<\/strong><\/p> <p>10.07.2026 - Freitag - 18.00-21.00\u00a0<\/p> <p>11.07.2026 - Samstag - 14.00-17.00 &amp;\u00a018.00-21.00<\/p> <p>15.07.2026 - Mittwoch - 18.00-21.00<\/p> <p>17.07.2026 - Freitag - 18.00-21.00<\/p> <p>18.07.2026 - Samstag - 14.00-17.00 &amp; 18.00-21.00<\/p> <p>22.07.2026 - Mittwoch - 18.00-21.00<\/p> <p>24.07.2026 - Freitag - 18.00-21.00<\/p> <p>25.07.2026 - Samstag - 14.00-17.00 &amp; 18.00-21.00\u00a0<\/p> <p>29.07.2026 - Mittwoch - 18.00-21.00\u00a0<\/p><\/li><li><h4>August 2026<\/h4><p>03.08.2026 - Montag - 15.00-19.00 - UEM\/Swinem\u00fcnde<\/p> <p>04.08.2026 - Dienstag - 07.00-19.00 - Swinem\u00fcnde\/Stralsund<\/p> <p>05.08.2026 - Mittwoch - 07.00-19.00 - Stralsund\/Rostock<\/p> <p>06.08.-09.08.2026 - Do-So - Hanse Sail Rostock - Tickets<\/p> <p>10.08.2026 - Montag - 07.00-20.00 - Rostock\/Stralsund<\/p> <p>11.08.2026 - Dienstag - 06.00-18.00 - Stralsund\/UEM<\/p> <p>14.08.2026 - Freitag - 17.00-20.00\u00a0<\/p> <p>15.08.2026 - Samstag - <strong>13.00-16.00<\/strong> <strong>(ausgebucht) <\/strong>&amp; 17.00-20.00<\/p> <p>19.08.2026 - Mittwoch - 17.00-20.00<\/p> <p>21.08.2026 - Freitag - 17.00-20.00<\/p> <p>22.08.2026 - Samstag - 13.00-16.00 &amp;\u00a017.00-20.00<\/p> <p>26.08.2026 - Mittwoch -<strong> 17.00-20.00<\/strong> <strong>(ausgebucht)<\/strong><\/p> <p>28.08.2026 - Freitag - 17.00-20.00<\/p> <p>30.08.2026 - Samstag -<strong> 14.30- 16.30 (ausgebucht) &amp; 17.00-20.00 (ausgebucht) <\/strong><\/p><\/li><li><h4>September 2026<\/h4><p>02.09.2026 - Mittwoch -<strong> 16.00-19.00 (ausgebucht)<\/strong><\/p> <p>04.09.2026 - Freitag - 16.30-19.30<\/p> <p>05.09.2026 - Samstag - 16.30-19.30<\/p> <p>09.09.2026 - Mittwoch - 16.00-19.00\u00a0<\/p> <p>11.09.2026 - Freitag - 16.00-19.00<\/p> <p>12.09.2026 - Samstag - <strong>13.00-16.00 <\/strong><strong>(ausgebucht)<\/strong> &amp; 16.30-19.30<\/p> <p>15.09.2026 - Dienstag - 14.00-17.00<\/p> <p>16.09.2026 - Mittwoch - 16.00-19.00\u00a0<\/p> <p>18.09.2026 - Freitag - 16.00-19.00<\/p> <p>19.09.2026 - Samstag - 12.00-15.00 &amp; 16.00-19.00<\/p> <p>23.09.2026 - Mittwoch - 16.00-19.00<\/p> <p>25.09.2026 - Freitag -<strong> 15.00-18.00 (ausgebucht)<\/strong><\/p> <p>26.09.2026 - Samstag - <strong>15.00-18.00 (ausgebucht)<\/strong><\/p> <p>30.09.2026 - Mittwoch - 15.00-18.00\u00a0<\/p><\/li><\/ul>\n\n<h5>Hafenfest in Lauterbach \u00a0 4. \u2013 6. Juli 2025<\/h5> <ul> <li> <p>03.07.2025 - Donnerstag - 07.00-20.00 <br>Ueckerm\u00fcnde-Lauterbach<\/p> <\/li> <li> <p>04.-06.07.2025 - Freitag-Sonntag - Hafenfest Lauterbach: Tickets \u00fcber die Kurverwaltung Putbus<\/p> <p>Tickets unter Telefon: 038301 887262<\/p> <p>\u00a0<\/p> <\/li> <\/ul>\n<img src=\"https:\/\/www.pommernkogge-ucra.de\/wp-content\/uploads\/2023\/03\/white-cliffs-209324.jpg\" title=\"white-cliffs-209324\" alt=\"white-cliffs-209324\" srcset=\"https:\/\/www.pommernkogge-ucra.de\/wp-content\/uploads\/2023\/03\/white-cliffs-209324.jpg 907w, https:\/\/www.pommernkogge-ucra.de\/wp-content\/uploads\/2023\/03\/white-cliffs-209324-300x213.jpg 300w, https:\/\/www.pommernkogge-ucra.de\/wp-content\/uploads\/2023\/03\/white-cliffs-209324-768x545.jpg 768w\" sizes=\"(max-width: 907px) 100vw, 907px\" \/>\n\n<h5>32. Hanse Sail \u00a0 10. \u2013 13. August 2023 Rostock<\/h5> <ul> <li>07.08. Ueckerm\u00fcnde \u2013 Swinem\u00fcnde \/ 14 Uhr<\/li> <li>08.08 Swinem\u00fcnde \u2013 Stralsund \/ 7 -17 Uhr<\/li> <li> <p>09.08. Stralsund \u2013 Rostock \/ 8 \u2013 18 Uhr<\/p> <\/li> <li> <p>10.08. Stadthafen Rostock und zur\u00fcck \/ 10-14 Uhr &amp; 15-19 Uhr<\/p> <\/li> <li> <p>11.08. Stadthafen Rostock und zur\u00fcck \/ 10-14 Uhr &amp; 15-19 Uhr<\/p> <\/li> <li> <p>12.08. Stadthafen Rostock und zur\u00fcck \/ 10-14 Uhr &amp; 15-19 Uhr<\/p> <\/li> <li> <p>13.08. Stadthafen Rostock und zur\u00fcck \/ 15-19 Uhr<\/p> <\/li> <li> <p>14.08. Rostock \u2013 Stralsund \u00a0\/ 8 \u2013 18 Uhr<\/p> <\/li> <li>15.08. Stralsund \u2013 Swinem\u00fcnde \/ 7 \u2013 17 Uhr<\/li> <\/ul>\n<a href=\"https:\/\/www.hansesail.com\/mitsegeln\/mitsegeln-zur-hanse-sail.html#!\/cw\/b8ce4125acdb5930ca535b17e49b6942\" > Jetzt buchen <\/a>\n<img src=\"https:\/\/www.pommernkogge-ucra.de\/wp-content\/uploads\/2023\/03\/WhatsApp-Image-2023-03-24-at-00.27.24.jpeg\" title=\"WhatsApp Image 2023-03-24 at 00.27.24\" alt=\"WhatsApp Image 2023-03-24 at 00.27.24\" srcset=\"https:\/\/www.pommernkogge-ucra.de\/wp-content\/uploads\/2023\/03\/WhatsApp-Image-2023-03-24-at-00.27.24.jpeg 1600w, https:\/\/www.pommernkogge-ucra.de\/wp-content\/uploads\/2023\/03\/WhatsApp-Image-2023-03-24-at-00.27.24-300x169.jpeg 300w, https:\/\/www.pommernkogge-ucra.de\/wp-content\/uploads\/2023\/03\/WhatsApp-Image-2023-03-24-at-00.27.24-1024x576.jpeg 1024w, https:\/\/www.pommernkogge-ucra.de\/wp-content\/uploads\/2023\/03\/WhatsApp-Image-2023-03-24-at-00.27.24-768x432.jpeg 768w, https:\/\/www.pommernkogge-ucra.de\/wp-content\/uploads\/2023\/03\/WhatsApp-Image-2023-03-24-at-00.27.24-1536x864.jpeg 1536w\" sizes=\"(max-width: 1600px) 100vw, 1600px\" \/>\n\n<h5>Kostenbeitragsrahmen\u00a0f\u00fcr die Nutzung des Traditionsschiffes\u00a0\u201eUCRA \u2013 die Pommernkogge\u201c<\/h5> <p>In Verwirklichung des Vereinszwecks erhebt der gemeinn\u00fctzige Verein \u201eUCRA \u2013 die Pommernkogge e.V.\u201c f\u00fcr die Teilnahme an den Aktionen an Bord einen finanziellen Kostenbeitrag, der zum Unterhalt des Schiffes verwendet wird. Die nachfolgende Tabelle gibt einen \u00dcberblick \u00fcber eine nach Art der Aktion und Dauer der Anwesenheit an Bord angemessene Kostenbeitragsgr\u00f6\u00dfe, die mindestens geleistet werden soll.<\/p> <p>Bordkarten sind in der Tourist-Info Torgelow sowie \u00fcber den Verein erh\u00e4ltlich. Au\u00dferdem k\u00f6nnen Sie Karten direkt online auf dieser Seite kaufen.\u00a0<\/p>\n<h2><b>Liegendes Schiff\u00a0<\/b><\/h2> <p>Veranstaltungen\u00a0im Hafenbereich\u00a0<br>Seebad Stadt Ueckerm\u00fcnde<\/p> <p><b>Gruppenveranstaltungen f\u00fcr Kinder und Schulklassen<\/b> (historische Projekttage u.\u00e4.)\u00a0<\/p> <p>Veranstaltung bis zu 3 Std.\u00a0 \u00a0 \u00a0 pro Teiln. 6,00 \u20ac\u00a0<\/p> <p>jede weitere angebrochene. Std. pro Teiln. 1,00 \u20ac<\/p> <p><b>Gruppenveranstaltungen f\u00fcr Erwachsene<\/b><\/p> <p>Firmen, Institutionen, Privatpersonen mit\u00a0<\/p> <p>historischer F\u00fchrung<\/p> <p>Veranstaltung bis zu 3 Std.\u00a0 \u00a0 \u00a0 pro Teiln. 9,00 \u20ac\u00a0<\/p> <p>jede weitere angebrochene. Std. pro Teiln. 1,00 \u20ac<\/p> <p>Besichtigung ohne F\u00fchrung: 2,00 \u20ac<\/p> <p>Besichtigung mit F\u00fchrung: 4,00 \u20ac<\/p> <p><b>Geschlossene Veranstaltung bis 3 Std.<\/b><\/p> <p>Juristische Personen\u00a0<\/p> <p>(Firmen, Institutionen):\u00a0400,00 \u20ac<\/p> <p>mit historischer F\u00fchrung:\u00a0500,00 \u20ac<\/p> <p>Jede weitere angefangene Stunde:\u00a0100,00 \u20ac<\/p> <p>Privatpersonen \/ gemeinn\u00fctzige Nutzung: 200,00 \u20ac<\/p> <p>mit historischer F\u00fchrung:\u00a0250,00 \u20ac<\/p> <p>Jede weitere angefangene Stunde:\u00a050,00 \u20ac<\/p> <p>Die Veranstaltungen enden sp\u00e4testens 23:00 Uhr. Eine Verl\u00e4ngerung ist nur nach besonderer Vereinbarung m\u00f6glich.<\/p>\n<h2><b>Fahrendes Schiff<\/b><\/h2> <p><b>3 Std.-T\u00f6rn auf das Stettiner Haff<\/b><\/p> <p>Mitsegler (Einzelpassagen) pro Person<\/p> <p>Schulkinder und Jugendliche unter 14 Jahre:\u00a022,00 \u20ac *\u00a0<\/p> <p>Erwachsene: 31,00 \u20ac *<\/p> <p>Familienkarte (2 Erwachsene und zwei Kinder unter 14 Jahren): 92,00 \u20ac *<\/p> <p>*Die Beitr\u00e4ge beinhalten eine Energiepauschale von 2 Euro und\u00a0eine Verpflegungspauschale. Kaffee und Kuchen bei den Nachmittagsfahrten und eine rustikale Suppe bei den Abendfahrten. Getr\u00e4nke sind an Bord erwerbbar.<\/p> <p><b>Gruppenfahrten<\/b><\/p> <p>(Geschlossene Gesellschaften bis max. 50 Personen)<\/p> <p>Juristische Personen (Firmen, Institutionen, etc.):\u00a02.000,00 \u20ac<\/p> <p>Privatpersonen\/gemeinn\u00fctzige Nutzung (Vereine, etc.): 1.000,00 \u20ac<\/p> <p>Bei Kindern unter 4 Jahren bitte R\u00fccksprache halten.<\/p> <p>Hunde sind an Bord nicht erlaubt.<\/p> <p>Die angegebene Fahrdauer beinhaltet die Zeiten f\u00fcr Anlege- und Ablegeman\u00f6ver.<\/p> <p>Als Abfahrtsort gilt stets der aktuelle Liegeplatz des Schiffes zum Zeitpunkt der Anmeldung des Fahrttermins.\u00a0<\/p> <p>Wird ein bei geplanten Gruppenfahrten ein davon abweichender Abfahrts- oder Ankunftsort gew\u00fcnscht, und sind daf\u00fcr gesonderte An- und Abfahrten als Leerfahrten von jeweils mehr als einer halben Stunde erforderlich, so\u00a0 erh\u00f6ht sich der Kostenbeitrag pro Stunde Leerfahrt um 250,00\u00a0 bei Privatpersonen bzw. 300,00 \u20ac bei juristischen Personen f\u00fcr die Gesamtdauer der Leerfahrtszeit. In Einzelf\u00e4llen wird in H\u00e4fen eine Ein- und Ausschiffungsgeb\u00fchr (Hafengeb\u00fchr) verlangt, die zus\u00e4tzlich zum Kostenbeitrag zu entrichten ist.W\u00e4hrend des Aufenthalts an Bord sind Getr\u00e4nke gegen Bezahlung aus dem bordeigenen Ausschank zu beziehen. Ein sich daraus ergebender Erl\u00f6s kommt ebenfalls dem Erhalt des Schiffes zugute. Bei Gruppenveranstaltungen ist eine Verpflegung grunds\u00e4tzlich durch den Veranstalter zu organisieren. Geeignete Lieferanten k\u00f6nnen Ihnen vom Verein auf Wunsch genannt werden.<\/p>\n<h2><b>Besondere Hinweise<\/b><\/h2> <p>F\u00fcr Vereinbarungen \u00fcber den Aufenthalt der Pommernkogge UCRA gilt grunds\u00e4tzlich der Liegeplatz im Seebad Ueckerm\u00fcnde. Wird ein anderer Ort gew\u00fcnscht, so sind dadurch entstehende Mehraufwendungen entsprechend einer vom Traditionsverein erstellten Kalkulation durch den Nutzenden auszugleichen.\u00a0<\/p> <p>F\u00fcr Gruppenveranstaltungen werden schriftliche Vereinbarungen getroffen. Die Vereinbarung wird wirksam, wenn sp\u00e4testens 10 Tage nach Eingang unserer Anmeldebest\u00e4tigung mindestens die H\u00e4lfte des Kostenbeitrages auf ein von uns benanntes Konto des Vereins eingegangen ist. Der verbleibende Beitrag ist sp\u00e4testens eine Woche vor Beginn des Aufenthalts auf der UCRA zu zahlen.\u00a0<\/p> <p>Sollte der Gruppenveranstalter die geschlossene Vereinbarung nicht einhalten und hat er dieses nicht mindestens 3 Wochen vor dem vereinbarten Ereignis schriftlich angezeigt, erkl\u00e4rt sich der Gruppenveranstalter zur vollen Gew\u00e4hrung der zugesagten Summe bereit. Tritt der Gruppenveranstalter zwischen sechs Wochen und drei Wochen vor dem vereinbarten Ereignis schriftlich von der Vereinbarung zur\u00fcck oder tritt der Traditionsverein von der Vereinbarung zur\u00fcck, so kann der Zuwendende bereits geleistete Betr\u00e4ge schriftlich widerrufen.<\/p> <p>Personen, die auf der Kogge mitfahren, sind keine Passagiere sondern vor\u00fcbergehend Crewmitglieder. Diese Mitsegler d\u00fcrfen, soweit gew\u00fcnscht, in einfache T\u00e4tigkeiten der Crew einbezogen werden.<\/p> <p>An Bord unterstellen sich alle Crewmitglieder den Regeln der Seemannschaft und den Bestimmungen des Seerechts, insbesondere der Kommandogewalt der Schiffsf\u00fchrung.<\/p> <p>Fahrten mit G\u00e4sten d\u00fcrfen nur erfolgen, wenn zum Zeitpunkt der Abfahrt\u00a0 eine Windst\u00e4rke von 5 Beauforts nicht \u00fcberschritten wird. Ist w\u00e4hrend der Fahrt eine h\u00f6here Windst\u00e4rke vorherrschend, so hat der Schiffsf\u00fchrer das Recht, die Fahrtroute zu \u00e4ndern, die Fahrt zu unterbrechen oder sie vorzeitig zu beenden. Dieses Recht besteht ebenso, wenn aufgrund von technischen, nautischen oder sonstigen Gegebenheiten gleiche Handlungen zur Wahrung der Sicherheit f\u00fcr Mensch und \/ oder Schiff oder aus verkehrstechnischen Beschr\u00e4nkungen erforderlich werden. Anspr\u00fcche gegen\u00fcber dem Traditionsschiffverein \u201eUCRA \u2013 die Pommernkogge e.V.\u201c entstehen aus diesen Handlungen nicht. Personen, deren k\u00f6rperliche und geistige Verfassung eingeschr\u00e4nkt ist (z.B. durch Alkoholgenuss), kann der Zutritt oder weiterer Verbleib an Bord verweigert werden, wenn eine Gef\u00e4hrdung durch sie f\u00fcr andere Personen oder das Schiff nicht auszuschlie\u00dfen ist. Anspr\u00fcche gegen\u00fcber dem Traditionsschiffverein \u201eUCRA \u2013 die Pommernkogge e.V.\u201c entstehen aus diesen Handlungen nicht. Eventuell entstehende Kosten sind von der verursachenden Person zu tragen.<\/p> <p>Die aufgef\u00fchrten Hinweise gelten grunds\u00e4tzlich f\u00fcr eine Nutzung der Pommernkogge UCRA unabh\u00e4ngig davon ob und in welcher Form der Nutzer von ihnen Kenntnis erhalten hat. Eine spezielle Informationspflicht durch den Traditionsschiffverein \u201eUCRA \u2013 die Pommernkogge e.V.\u201c besteht nicht.<\/p> <p style=\"caret-color: #000000; color: #000000;\"><b>Hinweis zur Barrierefreiheit<\/b><b><\/b><\/p> <p style=\"caret-color: #000000; color: #000000;\">Bitte beachten Sie, dass die Pommernkogge UCRA ein historisches Traditionsschiff ist. Aus baulichen und sicherheitsbedingten Gr\u00fcnden ist sie leider\u00a0<b>nicht barrierefrei<\/b>. Der Zugang sowie der Aufenthalt an Bord sind f\u00fcr\u00a0<b>Rollstuhlfahrerinnen und -fahrer sowie f\u00fcr Personen mit erheblichen Gehbehinderungen<\/b>\u00a0nicht geeignet. Wir bitten um Verst\u00e4ndnis.<\/p>","_links":{"self":[{"href":"https:\/\/www.pommernkogge-ucra.de\/index.php?rest_route=\/wp\/v2\/pages\/258","targetHints":{"allow":["GET"]}}],"collection":[{"href":"https:\/\/www.pommernkogge-ucra.de\/index.php?rest_route=\/wp\/v2\/pages"}],"about":[{"href":"https:\/\/www.pommernkogge-ucra.de\/index.php?rest_route=\/wp\/v2\/types\/page"}],"author":[{"embeddable":true,"href":"https:\/\/www.pommernkogge-ucra.de\/index.php?rest_route=\/wp\/v2\/users\/1"}],"replies":[{"embeddable":true,"href":"https:\/\/www.pommernkogge-ucra.de\/index.php?rest_route=%2Fwp%2Fv2%2Fcomments&post=258"}],"version-history":[{"count":210,"href":"https:\/\/www.pommernkogge-ucra.de\/index.php?rest_route=\/wp\/v2\/pages\/258\/revisions"}],"predecessor-version":[{"id":868,"href":"https:\/\/www.pommernkogge-ucra.de\/index.php?rest_route=\/wp\/v2\/pages\/258\/revisions\/868"}],"wp:attachment":[{"href":"https:\/\/www.pommernkogge-ucra.de\/index.php?rest_route=%2Fwp%2Fv2%2Fmedia&parent=258"}],"curies":[{"name":"wp","href":"https:\/\/api.w.org\/{rel}","templated":true}]}}