{"id":239,"date":"2023-03-20T18:36:58","date_gmt":"2023-03-20T17:36:58","guid":{"rendered":"https:\/\/www.pommernkogge-ucra.de\/pommernkogge\/?page_id=239"},"modified":"2025-12-22T21:13:10","modified_gmt":"2025-12-22T20:13:10","slug":"der-verein","status":"publish","type":"page","link":"https:\/\/www.pommernkogge-ucra.de\/?page_id=239","title":{"rendered":"Der Verein"},"content":{"rendered":"<!-- wp:themify-builder\/canvas \/-->","protected":false},"excerpt":{"rendered":"","protected":false},"author":1,"featured_media":0,"parent":0,"menu_order":0,"comment_status":"closed","ping_status":"closed","template":"","meta":{"footnotes":""},"class_list":["post-239","page","type-page","status-publish","hentry","has-post-title","has-post-date","has-post-category","has-post-tag","has-post-comment","has-post-author",""],"yoast_head":"<!-- This site is optimized with the Yoast SEO plugin v27.3 - https:\/\/yoast.com\/product\/yoast-seo-wordpress\/ -->\n<title>Der Verein - Pommernkogge Ucra<\/title>\n<meta name=\"robots\" content=\"index, follow, max-snippet:-1, max-image-preview:large, max-video-preview:-1\" \/>\n<link rel=\"canonical\" href=\"https:\/\/www.pommernkogge-ucra.de\/?page_id=239\" \/>\n<meta property=\"og:locale\" content=\"de_DE\" \/>\n<meta property=\"og:type\" content=\"article\" \/>\n<meta property=\"og:title\" content=\"Der Verein - Pommernkogge Ucra\" \/>\n<meta property=\"og:url\" content=\"https:\/\/www.pommernkogge-ucra.de\/?page_id=239\" \/>\n<meta property=\"og:site_name\" content=\"Pommernkogge Ucra\" \/>\n<meta property=\"article:modified_time\" content=\"2025-12-22T20:13:10+00:00\" \/>\n<meta property=\"og:image\" content=\"https:\/\/www.pommernkogge-ucra.de\/wp-content\/uploads\/2023\/03\/Verein-Segel_4_web_600.jpg\" \/>\n\t<meta property=\"og:image:width\" content=\"600\" \/>\n\t<meta property=\"og:image:height\" content=\"338\" \/>\n\t<meta property=\"og:image:type\" content=\"image\/jpeg\" \/>\n<meta name=\"twitter:card\" content=\"summary_large_image\" \/>\n<meta name=\"twitter:label1\" content=\"Gesch\u00e4tzte Lesezeit\" \/>\n\t<meta name=\"twitter:data1\" content=\"1\u00a0Minute\" \/>\n<script type=\"application\/ld+json\" class=\"yoast-schema-graph\">{\"@context\":\"https:\\\/\\\/schema.org\",\"@graph\":[{\"@type\":\"WebPage\",\"@id\":\"https:\\\/\\\/www.pommernkogge-ucra.de\\\/?page_id=239\",\"url\":\"https:\\\/\\\/www.pommernkogge-ucra.de\\\/?page_id=239\",\"name\":\"Der Verein - Pommernkogge Ucra\",\"isPartOf\":{\"@id\":\"https:\\\/\\\/www.pommernkogge-ucra.de\\\/#website\"},\"primaryImageOfPage\":{\"@id\":\"https:\\\/\\\/www.pommernkogge-ucra.de\\\/?page_id=239#primaryimage\"},\"image\":{\"@id\":\"https:\\\/\\\/www.pommernkogge-ucra.de\\\/?page_id=239#primaryimage\"},\"thumbnailUrl\":\"https:\\\/\\\/www.pommernkogge-ucra.de\\\/wp-content\\\/uploads\\\/2023\\\/03\\\/Verein-Segel_4_web_600.jpg\",\"datePublished\":\"2023-03-20T17:36:58+00:00\",\"dateModified\":\"2025-12-22T20:13:10+00:00\",\"breadcrumb\":{\"@id\":\"https:\\\/\\\/www.pommernkogge-ucra.de\\\/?page_id=239#breadcrumb\"},\"inLanguage\":\"de\",\"potentialAction\":[{\"@type\":\"ReadAction\",\"target\":[\"https:\\\/\\\/www.pommernkogge-ucra.de\\\/?page_id=239\"]}]},{\"@type\":\"ImageObject\",\"inLanguage\":\"de\",\"@id\":\"https:\\\/\\\/www.pommernkogge-ucra.de\\\/?page_id=239#primaryimage\",\"url\":\"https:\\\/\\\/www.pommernkogge-ucra.de\\\/wp-content\\\/uploads\\\/2023\\\/03\\\/Verein-Segel_4_web_600.jpg\",\"contentUrl\":\"https:\\\/\\\/www.pommernkogge-ucra.de\\\/wp-content\\\/uploads\\\/2023\\\/03\\\/Verein-Segel_4_web_600.jpg\",\"width\":600,\"height\":338},{\"@type\":\"BreadcrumbList\",\"@id\":\"https:\\\/\\\/www.pommernkogge-ucra.de\\\/?page_id=239#breadcrumb\",\"itemListElement\":[{\"@type\":\"ListItem\",\"position\":1,\"name\":\"Startseite\",\"item\":\"https:\\\/\\\/www.pommernkogge-ucra.de\\\/\"},{\"@type\":\"ListItem\",\"position\":2,\"name\":\"Der Verein\"}]},{\"@type\":\"WebSite\",\"@id\":\"https:\\\/\\\/www.pommernkogge-ucra.de\\\/#website\",\"url\":\"https:\\\/\\\/www.pommernkogge-ucra.de\\\/\",\"name\":\"Pommernkogge Ucra\",\"description\":\"\",\"publisher\":{\"@id\":\"https:\\\/\\\/www.pommernkogge-ucra.de\\\/#organization\"},\"potentialAction\":[{\"@type\":\"SearchAction\",\"target\":{\"@type\":\"EntryPoint\",\"urlTemplate\":\"https:\\\/\\\/www.pommernkogge-ucra.de\\\/?s={search_term_string}\"},\"query-input\":{\"@type\":\"PropertyValueSpecification\",\"valueRequired\":true,\"valueName\":\"search_term_string\"}}],\"inLanguage\":\"de\"},{\"@type\":\"Organization\",\"@id\":\"https:\\\/\\\/www.pommernkogge-ucra.de\\\/#organization\",\"name\":\"Pommernkogge Ucra\",\"url\":\"https:\\\/\\\/www.pommernkogge-ucra.de\\\/\",\"logo\":{\"@type\":\"ImageObject\",\"inLanguage\":\"de\",\"@id\":\"https:\\\/\\\/www.pommernkogge-ucra.de\\\/#\\\/schema\\\/logo\\\/image\\\/\",\"url\":\"https:\\\/\\\/www.pommernkogge-ucra.de\\\/wp-content\\\/uploads\\\/2023\\\/03\\\/Kogge-Fleecejacken-brust-rund2_web.png\",\"contentUrl\":\"https:\\\/\\\/www.pommernkogge-ucra.de\\\/wp-content\\\/uploads\\\/2023\\\/03\\\/Kogge-Fleecejacken-brust-rund2_web.png\",\"width\":500,\"height\":498,\"caption\":\"Pommernkogge Ucra\"},\"image\":{\"@id\":\"https:\\\/\\\/www.pommernkogge-ucra.de\\\/#\\\/schema\\\/logo\\\/image\\\/\"},\"sameAs\":[\"https:\\\/\\\/www.instagram.com\\\/ucradiepommernkogge\\\/\"]}]}<\/script>\n<!-- \/ Yoast SEO plugin. -->","yoast_head_json":{"title":"Der Verein - Pommernkogge Ucra","robots":{"index":"index","follow":"follow","max-snippet":"max-snippet:-1","max-image-preview":"max-image-preview:large","max-video-preview":"max-video-preview:-1"},"canonical":"https:\/\/www.pommernkogge-ucra.de\/?page_id=239","og_locale":"de_DE","og_type":"article","og_title":"Der Verein - Pommernkogge Ucra","og_url":"https:\/\/www.pommernkogge-ucra.de\/?page_id=239","og_site_name":"Pommernkogge Ucra","article_modified_time":"2025-12-22T20:13:10+00:00","og_image":[{"width":600,"height":338,"url":"https:\/\/www.pommernkogge-ucra.de\/wp-content\/uploads\/2023\/03\/Verein-Segel_4_web_600.jpg","type":"image\/jpeg"}],"twitter_card":"summary_large_image","twitter_misc":{"Gesch\u00e4tzte Lesezeit":"1\u00a0Minute"},"schema":{"@context":"https:\/\/schema.org","@graph":[{"@type":"WebPage","@id":"https:\/\/www.pommernkogge-ucra.de\/?page_id=239","url":"https:\/\/www.pommernkogge-ucra.de\/?page_id=239","name":"Der Verein - Pommernkogge Ucra","isPartOf":{"@id":"https:\/\/www.pommernkogge-ucra.de\/#website"},"primaryImageOfPage":{"@id":"https:\/\/www.pommernkogge-ucra.de\/?page_id=239#primaryimage"},"image":{"@id":"https:\/\/www.pommernkogge-ucra.de\/?page_id=239#primaryimage"},"thumbnailUrl":"https:\/\/www.pommernkogge-ucra.de\/wp-content\/uploads\/2023\/03\/Verein-Segel_4_web_600.jpg","datePublished":"2023-03-20T17:36:58+00:00","dateModified":"2025-12-22T20:13:10+00:00","breadcrumb":{"@id":"https:\/\/www.pommernkogge-ucra.de\/?page_id=239#breadcrumb"},"inLanguage":"de","potentialAction":[{"@type":"ReadAction","target":["https:\/\/www.pommernkogge-ucra.de\/?page_id=239"]}]},{"@type":"ImageObject","inLanguage":"de","@id":"https:\/\/www.pommernkogge-ucra.de\/?page_id=239#primaryimage","url":"https:\/\/www.pommernkogge-ucra.de\/wp-content\/uploads\/2023\/03\/Verein-Segel_4_web_600.jpg","contentUrl":"https:\/\/www.pommernkogge-ucra.de\/wp-content\/uploads\/2023\/03\/Verein-Segel_4_web_600.jpg","width":600,"height":338},{"@type":"BreadcrumbList","@id":"https:\/\/www.pommernkogge-ucra.de\/?page_id=239#breadcrumb","itemListElement":[{"@type":"ListItem","position":1,"name":"Startseite","item":"https:\/\/www.pommernkogge-ucra.de\/"},{"@type":"ListItem","position":2,"name":"Der Verein"}]},{"@type":"WebSite","@id":"https:\/\/www.pommernkogge-ucra.de\/#website","url":"https:\/\/www.pommernkogge-ucra.de\/","name":"Pommernkogge Ucra","description":"","publisher":{"@id":"https:\/\/www.pommernkogge-ucra.de\/#organization"},"potentialAction":[{"@type":"SearchAction","target":{"@type":"EntryPoint","urlTemplate":"https:\/\/www.pommernkogge-ucra.de\/?s={search_term_string}"},"query-input":{"@type":"PropertyValueSpecification","valueRequired":true,"valueName":"search_term_string"}}],"inLanguage":"de"},{"@type":"Organization","@id":"https:\/\/www.pommernkogge-ucra.de\/#organization","name":"Pommernkogge Ucra","url":"https:\/\/www.pommernkogge-ucra.de\/","logo":{"@type":"ImageObject","inLanguage":"de","@id":"https:\/\/www.pommernkogge-ucra.de\/#\/schema\/logo\/image\/","url":"https:\/\/www.pommernkogge-ucra.de\/wp-content\/uploads\/2023\/03\/Kogge-Fleecejacken-brust-rund2_web.png","contentUrl":"https:\/\/www.pommernkogge-ucra.de\/wp-content\/uploads\/2023\/03\/Kogge-Fleecejacken-brust-rund2_web.png","width":500,"height":498,"caption":"Pommernkogge Ucra"},"image":{"@id":"https:\/\/www.pommernkogge-ucra.de\/#\/schema\/logo\/image\/"},"sameAs":["https:\/\/www.instagram.com\/ucradiepommernkogge\/"]}]}},"builder_content":"<h2>Traditionsschiffverein<br\/><h4>Die Pommernkogge Ucra e. v.<\/h2>\n<p>Der Traditionsschiffverein \u201eUCRA \u2013\u00a0 die Pommernkogge e.V.\u201c ist ein gemeinn\u00fctziger Verein zum Zwecke der F\u00f6rderung der Jugendhilfe, der Denkmalpflege sowie der Geschichtsvermittlung der Hansezeit. Der Verein finanziert sich aus Mitgliedsbeitr\u00e4gen, Zuwendungen und Spenden. Die Verwendung der Einnahmen erfolgt ausschlie\u00dflich zur Verwirklichung der Vereinszecke, insbesondere zur Erhaltung des Nachbaus der hanseatischen Kogge als technisches Denkmal, der Durchf\u00fchrung des Schiffsbetriebes zur maritimen Traditionspflege, der Demonstration maritim-historischer Koggenbautechniken und traditioneller Seemannschaft sowie des maritimen Handwerks im Rahmen historischer Projekttage auf dem liegenden und fahrenden Schiff, der Durchf\u00fchrung erlebnisp\u00e4dagogischer Segelt\u00f6rns zur Vermittlung der Hansegeschichte, von Kenntnissen zum Segeln eines Traditionsschiffes sowie damit einhergehender Vermittlung sozialer Erfahrungen, Mannschaftsgeist, Verantwortungsbereitschaft und Selbstst\u00e4ndigkeit von Kindern und Jugendlichen sowie der Pflege und Zusammenarbeit mit gleichgesinnten Vereinen.<\/p>\n<h4>Spendenkonto des Vereins<\/h4> <p>Wir freuen uns \u00fcber jede Spende, mit der sie die ehrenamtliche Arbeit des Traditionsschiffvereins unterst\u00fctzen k\u00f6nnen. Gerne senden wir Ihnen eine Spendenbescheinigung zu.<\/p> <p>Sparkasse Uecker-Randow<br>IBAN:\u00a0\u00a0\u00a0 DE 27 1505 0400 0335 0213 44<br>BIC:\u00a0\u00a0\u00a0 \u00a0NOLADE21PSW<\/p>\n<img src=\"https:\/\/www.pommernkogge-ucra.de\/wp-content\/uploads\/2023\/03\/Verein-Segel_4_web_600.jpg\" title=\"Verein-Segel_4_web_600\" alt=\"Verein-Segel_4_web_600\" srcset=\"https:\/\/www.pommernkogge-ucra.de\/wp-content\/uploads\/2023\/03\/Verein-Segel_4_web_600.jpg 600w, https:\/\/www.pommernkogge-ucra.de\/wp-content\/uploads\/2023\/03\/Verein-Segel_4_web_600-300x169.jpg 300w\" sizes=\"(max-width: 600px) 100vw, 600px\" \/>\n<a href=\"https:\/\/www.pommernkogge-ucra.de\/wp-content\/uploads\/2024\/08\/Satzung_Koggenverein_Stand-19.04.2024.pdf\" > Unsere Vereinssatzung <\/a>","_links":{"self":[{"href":"https:\/\/www.pommernkogge-ucra.de\/index.php?rest_route=\/wp\/v2\/pages\/239","targetHints":{"allow":["GET"]}}],"collection":[{"href":"https:\/\/www.pommernkogge-ucra.de\/index.php?rest_route=\/wp\/v2\/pages"}],"about":[{"href":"https:\/\/www.pommernkogge-ucra.de\/index.php?rest_route=\/wp\/v2\/types\/page"}],"author":[{"embeddable":true,"href":"https:\/\/www.pommernkogge-ucra.de\/index.php?rest_route=\/wp\/v2\/users\/1"}],"replies":[{"embeddable":true,"href":"https:\/\/www.pommernkogge-ucra.de\/index.php?rest_route=%2Fwp%2Fv2%2Fcomments&post=239"}],"version-history":[{"count":21,"href":"https:\/\/www.pommernkogge-ucra.de\/index.php?rest_route=\/wp\/v2\/pages\/239\/revisions"}],"predecessor-version":[{"id":805,"href":"https:\/\/www.pommernkogge-ucra.de\/index.php?rest_route=\/wp\/v2\/pages\/239\/revisions\/805"}],"wp:attachment":[{"href":"https:\/\/www.pommernkogge-ucra.de\/index.php?rest_route=%2Fwp%2Fv2%2Fmedia&parent=239"}],"curies":[{"name":"wp","href":"https:\/\/api.w.org\/{rel}","templated":true}]}}