{"id":136,"date":"2022-05-05T09:25:24","date_gmt":"2022-05-05T07:25:24","guid":{"rendered":"https:\/\/www.pommernkogge-ucra.de\/pommernkogge\/home\/"},"modified":"2025-06-24T09:38:46","modified_gmt":"2025-06-24T07:38:46","slug":"home","status":"publish","type":"page","link":"https:\/\/www.pommernkogge-ucra.de\/","title":{"rendered":"Home"},"content":{"rendered":"<!-- wp:themify-builder\/canvas \/-->","protected":false},"excerpt":{"rendered":"","protected":false},"author":1,"featured_media":0,"parent":0,"menu_order":0,"comment_status":"closed","ping_status":"closed","template":"","meta":{"footnotes":""},"class_list":["post-136","page","type-page","status-publish","hentry","has-post-title","has-post-date","has-post-category","has-post-tag","has-post-comment","has-post-author",""],"yoast_head":"<!-- This site is optimized with the Yoast SEO plugin v27.3 - https:\/\/yoast.com\/product\/yoast-seo-wordpress\/ -->\n<title>Home - Pommernkogge Ucra<\/title>\n<meta name=\"description\" content=\"Der historische Nachbau einer Ostsee-Kogge hat seinen Heimathafen in Ueckerm\u00fcnde. Der Betreiber, der Traditionsschiffverein, bietet regelm\u00e4\u00dfig Ausfahrten an.\" \/>\n<meta name=\"robots\" content=\"index, follow, max-snippet:-1, max-image-preview:large, max-video-preview:-1\" \/>\n<link rel=\"canonical\" href=\"https:\/\/www.pommernkogge-ucra.de\/\" \/>\n<meta property=\"og:locale\" content=\"de_DE\" \/>\n<meta property=\"og:type\" content=\"article\" \/>\n<meta property=\"og:title\" content=\"Home - Pommernkogge Ucra\" \/>\n<meta property=\"og:description\" content=\"Der historische Nachbau einer Ostsee-Kogge hat seinen Heimathafen in Ueckerm\u00fcnde. Der Betreiber, der Traditionsschiffverein, bietet regelm\u00e4\u00dfig Ausfahrten an.\" \/>\n<meta property=\"og:url\" content=\"https:\/\/www.pommernkogge-ucra.de\/\" \/>\n<meta property=\"og:site_name\" content=\"Pommernkogge Ucra\" \/>\n<meta property=\"article:modified_time\" content=\"2025-06-24T07:38:46+00:00\" \/>\n<meta name=\"twitter:card\" content=\"summary_large_image\" \/>\n<script type=\"application\/ld+json\" class=\"yoast-schema-graph\">{\"@context\":\"https:\\\/\\\/schema.org\",\"@graph\":[{\"@type\":\"WebPage\",\"@id\":\"https:\\\/\\\/www.pommernkogge-ucra.de\\\/\",\"url\":\"https:\\\/\\\/www.pommernkogge-ucra.de\\\/\",\"name\":\"Home - Pommernkogge Ucra\",\"isPartOf\":{\"@id\":\"https:\\\/\\\/www.pommernkogge-ucra.de\\\/#website\"},\"datePublished\":\"2022-05-05T07:25:24+00:00\",\"dateModified\":\"2025-06-24T07:38:46+00:00\",\"description\":\"Der historische Nachbau einer Ostsee-Kogge hat seinen Heimathafen in Ueckerm\u00fcnde. Der Betreiber, der Traditionsschiffverein, bietet regelm\u00e4\u00dfig Ausfahrten an.\",\"breadcrumb\":{\"@id\":\"https:\\\/\\\/www.pommernkogge-ucra.de\\\/#breadcrumb\"},\"inLanguage\":\"de\",\"potentialAction\":[{\"@type\":\"ReadAction\",\"target\":[\"https:\\\/\\\/www.pommernkogge-ucra.de\\\/\"]}]},{\"@type\":\"BreadcrumbList\",\"@id\":\"https:\\\/\\\/www.pommernkogge-ucra.de\\\/#breadcrumb\",\"itemListElement\":[{\"@type\":\"ListItem\",\"position\":1,\"name\":\"Startseite\",\"item\":\"https:\\\/\\\/www.pommernkogge-ucra.de\\\/\"},{\"@type\":\"ListItem\",\"position\":2,\"name\":\"Home\"}]},{\"@type\":\"WebSite\",\"@id\":\"https:\\\/\\\/www.pommernkogge-ucra.de\\\/#website\",\"url\":\"https:\\\/\\\/www.pommernkogge-ucra.de\\\/\",\"name\":\"Pommernkogge Ucra\",\"description\":\"\",\"publisher\":{\"@id\":\"https:\\\/\\\/www.pommernkogge-ucra.de\\\/#organization\"},\"potentialAction\":[{\"@type\":\"SearchAction\",\"target\":{\"@type\":\"EntryPoint\",\"urlTemplate\":\"https:\\\/\\\/www.pommernkogge-ucra.de\\\/?s={search_term_string}\"},\"query-input\":{\"@type\":\"PropertyValueSpecification\",\"valueRequired\":true,\"valueName\":\"search_term_string\"}}],\"inLanguage\":\"de\"},{\"@type\":\"Organization\",\"@id\":\"https:\\\/\\\/www.pommernkogge-ucra.de\\\/#organization\",\"name\":\"Pommernkogge Ucra\",\"url\":\"https:\\\/\\\/www.pommernkogge-ucra.de\\\/\",\"logo\":{\"@type\":\"ImageObject\",\"inLanguage\":\"de\",\"@id\":\"https:\\\/\\\/www.pommernkogge-ucra.de\\\/#\\\/schema\\\/logo\\\/image\\\/\",\"url\":\"https:\\\/\\\/www.pommernkogge-ucra.de\\\/wp-content\\\/uploads\\\/2023\\\/03\\\/Kogge-Fleecejacken-brust-rund2_web.png\",\"contentUrl\":\"https:\\\/\\\/www.pommernkogge-ucra.de\\\/wp-content\\\/uploads\\\/2023\\\/03\\\/Kogge-Fleecejacken-brust-rund2_web.png\",\"width\":500,\"height\":498,\"caption\":\"Pommernkogge Ucra\"},\"image\":{\"@id\":\"https:\\\/\\\/www.pommernkogge-ucra.de\\\/#\\\/schema\\\/logo\\\/image\\\/\"},\"sameAs\":[\"https:\\\/\\\/www.instagram.com\\\/ucradiepommernkogge\\\/\"]}]}<\/script>\n<!-- \/ Yoast SEO plugin. -->","yoast_head_json":{"title":"Home - Pommernkogge Ucra","description":"Der historische Nachbau einer Ostsee-Kogge hat seinen Heimathafen in Ueckerm\u00fcnde. Der Betreiber, der Traditionsschiffverein, bietet regelm\u00e4\u00dfig Ausfahrten an.","robots":{"index":"index","follow":"follow","max-snippet":"max-snippet:-1","max-image-preview":"max-image-preview:large","max-video-preview":"max-video-preview:-1"},"canonical":"https:\/\/www.pommernkogge-ucra.de\/","og_locale":"de_DE","og_type":"article","og_title":"Home - Pommernkogge Ucra","og_description":"Der historische Nachbau einer Ostsee-Kogge hat seinen Heimathafen in Ueckerm\u00fcnde. Der Betreiber, der Traditionsschiffverein, bietet regelm\u00e4\u00dfig Ausfahrten an.","og_url":"https:\/\/www.pommernkogge-ucra.de\/","og_site_name":"Pommernkogge Ucra","article_modified_time":"2025-06-24T07:38:46+00:00","twitter_card":"summary_large_image","schema":{"@context":"https:\/\/schema.org","@graph":[{"@type":"WebPage","@id":"https:\/\/www.pommernkogge-ucra.de\/","url":"https:\/\/www.pommernkogge-ucra.de\/","name":"Home - Pommernkogge Ucra","isPartOf":{"@id":"https:\/\/www.pommernkogge-ucra.de\/#website"},"datePublished":"2022-05-05T07:25:24+00:00","dateModified":"2025-06-24T07:38:46+00:00","description":"Der historische Nachbau einer Ostsee-Kogge hat seinen Heimathafen in Ueckerm\u00fcnde. Der Betreiber, der Traditionsschiffverein, bietet regelm\u00e4\u00dfig Ausfahrten an.","breadcrumb":{"@id":"https:\/\/www.pommernkogge-ucra.de\/#breadcrumb"},"inLanguage":"de","potentialAction":[{"@type":"ReadAction","target":["https:\/\/www.pommernkogge-ucra.de\/"]}]},{"@type":"BreadcrumbList","@id":"https:\/\/www.pommernkogge-ucra.de\/#breadcrumb","itemListElement":[{"@type":"ListItem","position":1,"name":"Startseite","item":"https:\/\/www.pommernkogge-ucra.de\/"},{"@type":"ListItem","position":2,"name":"Home"}]},{"@type":"WebSite","@id":"https:\/\/www.pommernkogge-ucra.de\/#website","url":"https:\/\/www.pommernkogge-ucra.de\/","name":"Pommernkogge Ucra","description":"","publisher":{"@id":"https:\/\/www.pommernkogge-ucra.de\/#organization"},"potentialAction":[{"@type":"SearchAction","target":{"@type":"EntryPoint","urlTemplate":"https:\/\/www.pommernkogge-ucra.de\/?s={search_term_string}"},"query-input":{"@type":"PropertyValueSpecification","valueRequired":true,"valueName":"search_term_string"}}],"inLanguage":"de"},{"@type":"Organization","@id":"https:\/\/www.pommernkogge-ucra.de\/#organization","name":"Pommernkogge Ucra","url":"https:\/\/www.pommernkogge-ucra.de\/","logo":{"@type":"ImageObject","inLanguage":"de","@id":"https:\/\/www.pommernkogge-ucra.de\/#\/schema\/logo\/image\/","url":"https:\/\/www.pommernkogge-ucra.de\/wp-content\/uploads\/2023\/03\/Kogge-Fleecejacken-brust-rund2_web.png","contentUrl":"https:\/\/www.pommernkogge-ucra.de\/wp-content\/uploads\/2023\/03\/Kogge-Fleecejacken-brust-rund2_web.png","width":500,"height":498,"caption":"Pommernkogge Ucra"},"image":{"@id":"https:\/\/www.pommernkogge-ucra.de\/#\/schema\/logo\/image\/"},"sameAs":["https:\/\/www.instagram.com\/ucradiepommernkogge\/"]}]}},"builder_content":"<h1>Pommernkogge<\/h1> <h1>UCRA<\/h1>\n<a href=\"https:\/\/www.pommernkogge-ucra.de\/?page_id=258\" > Zur Buchung <\/a>\n<h2>Willkommen auf der Pommernkogge UCRA!<br\/><h4>Erleben Sie die Zeit der Hanse<\/h2>\n<p>Mit der Rekonstruktion der mittelalterlichen Ostseekogge wurde im Jahre 2001 begonnen.\u00a0Sie wurde in der historischen Werft des <a href=\"http:\/\/www.ukranenland.de\/index.php\/home.html\">Ukranenlandes<\/a> gebaut und ist seit 2011 Eigentum der Stadt Torgelow.<\/p> <p>Historische Vorbilder sind: eines der \u00e4ltesten Schiffsmodelle (um 1450) aus Ebersdorf in Sachsen, sowie die Darstellung des Dreik\u00f6nigsaltars des Kulturhistorischen Museums in Rostock und ebenfalls der 1962 im Weserschlamm entdeckte Fund einer mittelalterlichen Kogge.<\/p> <p>Die Kogge ist ein Bildungserlebnis der ganz besonderen Art \u2013\u00a0ein schwimmendes Museum zur Geschichtsvermittlung der Hansezeit.<\/p> <p>Auf der Kogge werden f\u00fcr Schulklassen, Jugendgruppen sowie f\u00fcr alle Geschichtsinteressierten F\u00fchrungen und Projekttage angeboten sowie Tagesfahrten im Kielwasser der Hanse veranstaltet. Auch kann die Ucra f\u00fcr jegliche Events wie Hochzeiten, Firmenausfl\u00fcge und \u00e4hnliches gebucht werden!\u00a0<\/p> <p>Eigent\u00fcmer\/Eigner der Pommernkogge UCRA ist die Stadt Torgelow. Betrieben wird das Schiff vom Traditionsschiffverein \u201eUcra \u2013 die Pommernkogge e.V.\u201c Heimathafen der Ucra ist das Seebad Ueckerm\u00fcnde.<\/p>\n\n[video src=\"https:\/\/www.pommernkogge-ucra.de\/wp-content\/uploads\/2023\/11\/POMMERNKOGGE.mp4\"][\/video]\n<h2>Aktuelles<br\/>Aus dem Logbuch<\/h2>","_links":{"self":[{"href":"https:\/\/www.pommernkogge-ucra.de\/index.php?rest_route=\/wp\/v2\/pages\/136","targetHints":{"allow":["GET"]}}],"collection":[{"href":"https:\/\/www.pommernkogge-ucra.de\/index.php?rest_route=\/wp\/v2\/pages"}],"about":[{"href":"https:\/\/www.pommernkogge-ucra.de\/index.php?rest_route=\/wp\/v2\/types\/page"}],"author":[{"embeddable":true,"href":"https:\/\/www.pommernkogge-ucra.de\/index.php?rest_route=\/wp\/v2\/users\/1"}],"replies":[{"embeddable":true,"href":"https:\/\/www.pommernkogge-ucra.de\/index.php?rest_route=%2Fwp%2Fv2%2Fcomments&post=136"}],"version-history":[{"count":108,"href":"https:\/\/www.pommernkogge-ucra.de\/index.php?rest_route=\/wp\/v2\/pages\/136\/revisions"}],"predecessor-version":[{"id":773,"href":"https:\/\/www.pommernkogge-ucra.de\/index.php?rest_route=\/wp\/v2\/pages\/136\/revisions\/773"}],"wp:attachment":[{"href":"https:\/\/www.pommernkogge-ucra.de\/index.php?rest_route=%2Fwp%2Fv2%2Fmedia&parent=136"}],"curies":[{"name":"wp","href":"https:\/\/api.w.org\/{rel}","templated":true}]}}